{"id":6266,"date":"2021-09-28T14:42:32","date_gmt":"2021-09-28T11:42:32","guid":{"rendered":"https:\/\/hotus.fi\/home\/"},"modified":"2025-06-19T14:55:29","modified_gmt":"2025-06-19T11:55:29","slug":"home","status":"publish","type":"page","link":"https:\/\/hotus.fi\/en\/","title":{"rendered":"Home"},"content":{"rendered":"<div class=\"wp-block-columns is-style-narrow is-layout-flex wp-container-core-columns-is-layout-9d6595d7 wp-block-columns-is-layout-flex\">\n<div class=\"wp-block-column is-layout-flow wp-block-column-is-layout-flow\">\n<h1 class=\"wp-block-heading has-text-align-center\">Nursing Research Foundation<\/h1>\n\n\n\n<p class=\"has-text-align-center\">We are officially called Nursing Research Foundation sr, (NRF) in English<\/p>\n\n\n\n<p class=\"has-text-align-center\">In Finnish: Hoitoty&ouml;n tutkimuss&auml;&auml;ti&ouml; sr (Hotus)<br><\/p>\n\n\n\n<h3 class=\"wp-block-heading has-text-align-center\"><strong><em>Promoter of evidence-based nursing<\/em><\/strong><\/h3>\n<\/div>\n<\/div>\n\n\n<div class=\"image-and-text wp-block is-style-image-contain has-media-on-the-right\">\r\n<div class=\"row\">\r\n    <div class=\"col-12 col-md-5 image-col\">\r\n\r\n        <img decoding=\"async\" width=\"800\" height=\"800\" src=\"https:\/\/hotus.fi\/wp-content\/uploads\/2025\/06\/hotus-kelt-valk-pohja-1024x1024.jpeg\" class=\"attachment-large size-large\" alt=\"Hotus-kelt valk_pohja\" srcset=\"https:\/\/hotus.fi\/wp-content\/uploads\/2025\/06\/hotus-kelt-valk-pohja-1024x1024.jpeg 1024w, https:\/\/hotus.fi\/wp-content\/uploads\/2025\/06\/hotus-kelt-valk-pohja-300x300.jpeg 300w, https:\/\/hotus.fi\/wp-content\/uploads\/2025\/06\/hotus-kelt-valk-pohja-150x150.jpeg 150w, https:\/\/hotus.fi\/wp-content\/uploads\/2025\/06\/hotus-kelt-valk-pohja-768x768.jpeg 768w, https:\/\/hotus.fi\/wp-content\/uploads\/2025\/06\/hotus-kelt-valk-pohja-1536x1536.jpeg 1536w, https:\/\/hotus.fi\/wp-content\/uploads\/2025\/06\/hotus-kelt-valk-pohja-2048x2048.jpeg 2048w\" sizes=\"(max-width: 800px) 100vw, 800px\">    <\/div>\r\n\r\n    <div class=\"col-12 col-md-7 text-col\"><div class=\"acf-innerblocks-container\">\n\n<p>We are a scientific non-profit organisation which has a nationally unique role in<strong> promoting evidence-based practice (EBP)<\/strong> and disseminating research evidence to nursing professionals working in the social welfare and healthcare sector. <br><br>We<strong> collect<\/strong>, <strong>assess<\/strong>, and <strong>summarise<\/strong><em> <\/em>research evidence into more practical and applicable formats. We also monitor the implementation of evidence-based nursing in Finland.<\/p>\n\n\n\n<p><br>Our particular focus is on <strong>advancing evidence-based nursing <\/strong>grounded in nursing science research within the social and healthcare sector, in order to improve the health of the population. Our work is guided by both national and international policies in social welfare and healthcare.<\/p>\n\n\n\n<p><br>We are the coordinator and publisher for national <strong>NRF Clinical Practice Guidelines (NRF-CPGs)<\/strong> and <strong>Evidencetips<\/strong> for nursing in Finland. Our publications are published both in Finnish and Swedish. Selected NRF-CPGs are also being translated into English.<\/p>\n\n\n\n<p><br>In line with our core aim to promote EBP in healthcare we host <strong>The<\/strong> <strong>JBI Finnish Centre for Evidence-Based Health care<\/strong> and <strong>WHO Collaborating Centre for Nursing<\/strong> <strong>in Finland<\/strong>. We are also a member of the <strong>Guidelines International Network (G-I-N)<\/strong>.<\/p>\n\n<\/div>\r\n<\/div>\r\n<\/div>\r\n<\/div>\n\n\n<div class=\"wp-block-columns is-layout-flex wp-container-core-columns-is-layout-9d6595d7 wp-block-columns-is-layout-flex\">\n<div class=\"wp-block-column is-layout-flow wp-block-column-is-layout-flow\">\n<h3 class=\"wp-block-heading has-text-align-center\">We host JBI CC<\/h3>\n\n\n\n<figure class=\"wp-block-image alignwide size-full\"><img decoding=\"async\" width=\"2257\" height=\"545\" src=\"https:\/\/hotus.fi\/wp-content\/uploads\/2025\/06\/europe-finland-ebhc-helsinki-eng-clr-hz.png\" alt=\"EUROPE-Finland EBHC Helsinki-ENG-CLR-HZ\" class=\"wp-image-14269\" srcset=\"https:\/\/hotus.fi\/wp-content\/uploads\/2025\/06\/europe-finland-ebhc-helsinki-eng-clr-hz.png 2257w, https:\/\/hotus.fi\/wp-content\/uploads\/2025\/06\/europe-finland-ebhc-helsinki-eng-clr-hz-300x72.png 300w, https:\/\/hotus.fi\/wp-content\/uploads\/2025\/06\/europe-finland-ebhc-helsinki-eng-clr-hz-1024x247.png 1024w, https:\/\/hotus.fi\/wp-content\/uploads\/2025\/06\/europe-finland-ebhc-helsinki-eng-clr-hz-768x185.png 768w, https:\/\/hotus.fi\/wp-content\/uploads\/2025\/06\/europe-finland-ebhc-helsinki-eng-clr-hz-1536x371.png 1536w, https:\/\/hotus.fi\/wp-content\/uploads\/2025\/06\/europe-finland-ebhc-helsinki-eng-clr-hz-2048x495.png 2048w\" sizes=\"(max-width: 2257px) 100vw, 2257px\"><\/figure>\n\n\n\n<p class=\"has-text-align-center\"><a href=\"https:\/\/hotus.fi\/kansainvalinen-yhteistyo\/jbi-keskus\/suomen-yhteistyokeskus\/\" target=\"_blank\" rel=\"noopener\" title=\"\">Read more from local JBI CC pages<\/a> (in Finnish)<\/p>\n<\/div>\n\n\n\n<div class=\"wp-block-column is-layout-flow wp-block-column-is-layout-flow\">\n<h3 class=\"wp-block-heading has-text-align-center\">We host WHO CC for Nursing<\/h3>\n\n\n<div class=\"wp-block-image\">\n<figure class=\"aligncenter size-full is-resized\"><img decoding=\"async\" width=\"438\" height=\"247\" src=\"https:\/\/hotus.fi\/wp-content\/uploads\/2024\/01\/fireshot-capture-065-global-network-of-who-collaborating-centers-whoccs-globalnetworkwhocccom.png\" alt=\"We host WHO CC for Nursing: Hotus, Nursing Research Foundation and World Health Organization, WHO Collaborating Centre for Nursing.\" class=\"wp-image-7863\" style=\"object-fit:cover;width:357px;height:auto\" srcset=\"https:\/\/hotus.fi\/wp-content\/uploads\/2024\/01\/fireshot-capture-065-global-network-of-who-collaborating-centers-whoccs-globalnetworkwhocccom.png 438w, https:\/\/hotus.fi\/wp-content\/uploads\/2024\/01\/fireshot-capture-065-global-network-of-who-collaborating-centers-whoccs-globalnetworkwhocccom-300x169.png 300w\" sizes=\"(max-width: 438px) 100vw, 438px\"><\/figure>\n<\/div>\n\n\n<p class=\"has-text-align-center\"><a href=\"https:\/\/hotus.fi\/kansainvalinen-yhteistyo\/who-keskus\/whon-hoitotyon-yhteistyokeskus\/\" target=\"_blank\" rel=\"noopener\" title=\"\">Read more from local WHO CC pages<\/a> (in Finnish)<\/p>\n<\/div>\n<\/div>\n","protected":false},"excerpt":{"rendered":"<p>Nursing Research Foundation We are officially called Nursing Research Foundation sr, (NRF) in English In Finnish: Hoitoty\u00f6n tutkimuss\u00e4\u00e4ti\u00f6 sr (Hotus) Promoter of evidence-based nursing We host JBI CC Read more from local JBI CC pages (in Finnish) We host WHO CC for Nursing Read more from local WHO CC pages (in Finnish)<\/p>\n","protected":false},"author":1,"featured_media":0,"parent":0,"menu_order":1,"comment_status":"closed","ping_status":"closed","template":"","meta":{"_acf_changed":false,"footnotes":""},"class_list":["post-6266","page","type-page","status-publish","hentry"],"acf":[],"aioseo_notices":[],"_links":{"self":[{"href":"https:\/\/hotus.fi\/en\/wp-json\/wp\/v2\/pages\/6266","targetHints":{"allow":["GET"]}}],"collection":[{"href":"https:\/\/hotus.fi\/en\/wp-json\/wp\/v2\/pages"}],"about":[{"href":"https:\/\/hotus.fi\/en\/wp-json\/wp\/v2\/types\/page"}],"author":[{"embeddable":true,"href":"https:\/\/hotus.fi\/en\/wp-json\/wp\/v2\/users\/1"}],"replies":[{"embeddable":true,"href":"https:\/\/hotus.fi\/en\/wp-json\/wp\/v2\/comments?post=6266"}],"version-history":[{"count":0,"href":"https:\/\/hotus.fi\/en\/wp-json\/wp\/v2\/pages\/6266\/revisions"}],"wp:attachment":[{"href":"https:\/\/hotus.fi\/en\/wp-json\/wp\/v2\/media?parent=6266"}],"curies":[{"name":"wp","href":"https:\/\/api.w.org\/{rel}","templated":true}]}}