{"id":6276,"date":"2021-09-28T14:42:32","date_gmt":"2021-09-28T11:42:32","guid":{"rendered":"https:\/\/hotus.fi\/etusivu\/"},"modified":"2025-06-19T14:57:43","modified_gmt":"2025-06-19T11:57:43","slug":"etusivu","status":"publish","type":"page","link":"https:\/\/hotus.fi\/sv\/","title":{"rendered":"Hem"},"content":{"rendered":"<div class=\"wp-block-columns is-style-narrow is-layout-flex wp-container-core-columns-is-layout-9d6595d7 wp-block-columns-is-layout-flex\">\n<div class=\"wp-block-column is-layout-flow wp-block-column-is-layout-flow\">\n<h1 class=\"wp-block-heading has-text-align-center\">Fr&auml;mjare av evidensbaserat v&aring;rdarbete<\/h1>\n\n\n\n<p class=\"has-text-align-center\">Vi producerar och sprider evidensbaserad kunskap och st&ouml;der ibruktagandet av evidens inom social-och h&auml;lsov&aring;rden.<\/p>\n<\/div>\n<\/div>\n\n\n<div class=\"image-and-text wp-block is-style-image-contain has-media-on-the-right\">\r\n<div class=\"row\">\r\n    <div class=\"col-12 col-md-5 image-col\">\r\n\r\n        <img decoding=\"async\" width=\"800\" height=\"800\" src=\"https:\/\/hotus.fi\/wp-content\/uploads\/2025\/06\/hotus-kelt-valk-pohja-1024x1024.jpeg\" class=\"attachment-large size-large\" alt=\"Hotus-kelt valk_pohja\" srcset=\"https:\/\/hotus.fi\/wp-content\/uploads\/2025\/06\/hotus-kelt-valk-pohja-1024x1024.jpeg 1024w, https:\/\/hotus.fi\/wp-content\/uploads\/2025\/06\/hotus-kelt-valk-pohja-300x300.jpeg 300w, https:\/\/hotus.fi\/wp-content\/uploads\/2025\/06\/hotus-kelt-valk-pohja-150x150.jpeg 150w, https:\/\/hotus.fi\/wp-content\/uploads\/2025\/06\/hotus-kelt-valk-pohja-768x768.jpeg 768w, https:\/\/hotus.fi\/wp-content\/uploads\/2025\/06\/hotus-kelt-valk-pohja-1536x1536.jpeg 1536w, https:\/\/hotus.fi\/wp-content\/uploads\/2025\/06\/hotus-kelt-valk-pohja-2048x2048.jpeg 2048w\" sizes=\"(max-width: 800px) 100vw, 800px\">    <\/div>\r\n\r\n    <div class=\"col-12 col-md-7 text-col\"><div class=\"acf-innerblocks-container\">\n\n<h2 class=\"wp-block-heading\">Vad g&ouml;r Stiftelsen f&ouml;r v&aring;rdforskning sr. (Hotus)?<\/h2>\n\n\n\n<p>Hotus &auml;r en forskningsstiftelse f&ouml;r v&aring;rdarbete. Hotus har den nationellt unika uppgiften att fr&auml;mja evidensbaserat v&aring;rdarbete, som i sin tur &ouml;kar anv&auml;ndningen av effektiva v&aring;rdmetoder och fr&auml;mjar befolkningens h&auml;lsa.<\/p>\n\n\n\n<p>Hotus samlar in, utv&auml;rderar och sammanfattar forskningsbel&auml;gg som publiceras i form av v&aring;rdrekommendationer, litteratur&ouml;versikter och sammandrag. I samarbete med olika akt&ouml;rer inom social- och h&auml;lsov&aring;rden utvecklar Hotus dessutom st&ouml;dstrukturer f&ouml;r anv&auml;ndning och etablering av forskningsbel&auml;gg.<\/p>\n\n\n\n<p>Har du m&auml;rkt att vi har nya &ouml;vers&auml;ttningar av&nbsp;<a href=\"https:\/\/hotus.fi\/sv\/hotus-vardrekommendationer\/\" title=\"\"><strong>Hotus-v&aring;rdrekommendationer&reg;<\/strong><\/a>&nbsp;och&nbsp;<a href=\"https:\/\/hotus.fi\/sv\/evidenstips\/\" target=\"_blank\" rel=\"noopener\" title=\"\"><strong>Evidenstips&reg;<\/strong><\/a>&nbsp;p&aring; svenska?<\/p>\n\n<\/div>\r\n<\/div>\r\n<\/div>\r\n<\/div>\n\n\n<div class=\"wp-block-columns is-layout-flex wp-container-core-columns-is-layout-9d6595d7 wp-block-columns-is-layout-flex\">\n<div class=\"wp-block-column is-layout-flow wp-block-column-is-layout-flow\">\n<h3 class=\"wp-block-heading has-text-align-center\">Hotus som v&auml;rdorganisation f&ouml;r JBI CC:<\/h3>\n\n\n<div class=\"wp-block-image\">\n<figure class=\"aligncenter size-full is-resized\"><img decoding=\"async\" width=\"2257\" height=\"545\" src=\"https:\/\/hotus.fi\/wp-content\/uploads\/2025\/06\/europe-finland-ebhc-helsinki-eng-clr-hz.png\" alt=\"EUROPE-Finland EBHC Helsinki-ENG-CLR-HZ\" class=\"wp-image-14270\" style=\"width:502px;height:auto\" srcset=\"https:\/\/hotus.fi\/wp-content\/uploads\/2025\/06\/europe-finland-ebhc-helsinki-eng-clr-hz.png 2257w, https:\/\/hotus.fi\/wp-content\/uploads\/2025\/06\/europe-finland-ebhc-helsinki-eng-clr-hz-300x72.png 300w, https:\/\/hotus.fi\/wp-content\/uploads\/2025\/06\/europe-finland-ebhc-helsinki-eng-clr-hz-1024x247.png 1024w, https:\/\/hotus.fi\/wp-content\/uploads\/2025\/06\/europe-finland-ebhc-helsinki-eng-clr-hz-768x185.png 768w, https:\/\/hotus.fi\/wp-content\/uploads\/2025\/06\/europe-finland-ebhc-helsinki-eng-clr-hz-1536x371.png 1536w, https:\/\/hotus.fi\/wp-content\/uploads\/2025\/06\/europe-finland-ebhc-helsinki-eng-clr-hz-2048x495.png 2048w\" sizes=\"(max-width: 2257px) 100vw, 2257px\"><\/figure>\n<\/div>\n\n\n<p class=\"has-text-align-center\"><a href=\"https:\/\/hotus.fi\/kansainvalinen-yhteistyo\/jbi-keskus\/suomen-yhteistyokeskus\/\" target=\"_blank\" rel=\"noopener\" title=\"\">L&auml;s mer<\/a><\/p>\n<\/div>\n\n\n\n<div class=\"wp-block-column is-layout-flow wp-block-column-is-layout-flow\">\n<h3 class=\"wp-block-heading has-text-align-center\">Hotus som v&auml;rdorganisation f&ouml;r WHO CC:<\/h3>\n\n\n<div class=\"wp-block-image\">\n<figure class=\"aligncenter size-full is-resized\"><img decoding=\"async\" src=\"https:\/\/hotus.fi\/wp-content\/uploads\/2023\/08\/who.jpg\" alt=\"who\" class=\"wp-image-4351\" style=\"aspect-ratio:5.0285714285714285;width:352px;height:auto\"><\/figure>\n<\/div>\n\n\n<p class=\"has-text-align-center\"><a href=\"https:\/\/hotus.fi\/kansainvalinen-yhteistyo\/who-keskus\/whon-hoitotyon-yhteistyokeskus\/\" target=\"_blank\" rel=\"noopener\" title=\"\">L&auml;s mer<\/a><\/p>\n<\/div>\n<\/div>\n","protected":false},"excerpt":{"rendered":"<p>Fr\u00e4mjare av evidensbaserat v\u00e5rdarbete Vi producerar och sprider evidensbaserad kunskap och st\u00f6der ibruktagandet av evidens inom social-och h\u00e4lsov\u00e5rden. Hotus som v\u00e4rdorganisation f\u00f6r JBI CC: L\u00e4s mer Hotus som v\u00e4rdorganisation f\u00f6r WHO CC: L\u00e4s mer<\/p>\n","protected":false},"author":1,"featured_media":0,"parent":0,"menu_order":1,"comment_status":"closed","ping_status":"closed","template":"","meta":{"_acf_changed":false,"footnotes":""},"class_list":["post-6276","page","type-page","status-publish","hentry"],"acf":[],"aioseo_notices":[],"_links":{"self":[{"href":"https:\/\/hotus.fi\/sv\/wp-json\/wp\/v2\/pages\/6276","targetHints":{"allow":["GET"]}}],"collection":[{"href":"https:\/\/hotus.fi\/sv\/wp-json\/wp\/v2\/pages"}],"about":[{"href":"https:\/\/hotus.fi\/sv\/wp-json\/wp\/v2\/types\/page"}],"author":[{"embeddable":true,"href":"https:\/\/hotus.fi\/sv\/wp-json\/wp\/v2\/users\/1"}],"replies":[{"embeddable":true,"href":"https:\/\/hotus.fi\/sv\/wp-json\/wp\/v2\/comments?post=6276"}],"version-history":[{"count":0,"href":"https:\/\/hotus.fi\/sv\/wp-json\/wp\/v2\/pages\/6276\/revisions"}],"wp:attachment":[{"href":"https:\/\/hotus.fi\/sv\/wp-json\/wp\/v2\/media?parent=6276"}],"curies":[{"name":"wp","href":"https:\/\/api.w.org\/{rel}","templated":true}]}}