{"id":6279,"date":"2023-08-11T14:56:36","date_gmt":"2023-08-11T11:56:36","guid":{"rendered":"https:\/\/hotus.fi\/ota-yhteytta\/"},"modified":"2025-06-19T15:20:33","modified_gmt":"2025-06-19T12:20:33","slug":"kontaktinformation","status":"publish","type":"page","link":"https:\/\/hotus.fi\/sv\/kontaktinformation\/","title":{"rendered":"Kontaktinformation"},"content":{"rendered":"<h2 class=\"wp-block-heading has-text-align-center\"><a href=\"https:\/\/hotus.fi\/sv\/kontaktinformation\/\" target=\"_blank\" rel=\"noopener\" title=\"\">Hoitoty&ouml;n tutkimuss&auml;&auml;ti&ouml; &ndash; Hotus<\/a><\/h2>\n\n\n\n<p class=\"has-text-align-center\">Asemamiehenkatu 2, 00520 Helsinki, Finland<\/p>\n\n\n\n<p class=\"has-text-align-center\">Bes&ouml;ksadress: Kellosilta 5<\/p>\n\n\n\n<hr class=\"wp-block-separator has-text-color has-yellow-color has-alpha-channel-opacity has-yellow-background-color has-background is-style-default\">\n\n\n<div class=\"wp-block-image\">\n<figure class=\"aligncenter size-large is-resized\"><img decoding=\"async\" width=\"1024\" height=\"1024\" src=\"https:\/\/hotus.fi\/wp-content\/uploads\/2025\/06\/hotus-contact-info-2025-1024x1024.png\" alt=\"hotus contact info 2025 1024x1024\" class=\"wp-image-14142\" style=\"width:394px;height:auto\" srcset=\"https:\/\/hotus.fi\/wp-content\/uploads\/2025\/06\/hotus-contact-info-2025-1024x1024.png 1024w, https:\/\/hotus.fi\/wp-content\/uploads\/2025\/06\/hotus-contact-info-2025-300x300.png 300w, https:\/\/hotus.fi\/wp-content\/uploads\/2025\/06\/hotus-contact-info-2025-150x150.png 150w, https:\/\/hotus.fi\/wp-content\/uploads\/2025\/06\/hotus-contact-info-2025-768x768.png 768w, https:\/\/hotus.fi\/wp-content\/uploads\/2025\/06\/hotus-contact-info-2025.png 1080w\" sizes=\"(max-width: 1024px) 100vw, 1024px\"><\/figure>\n<\/div>\n\n\n<h2 class=\"wp-block-heading has-text-align-center\">Faktureringskontaktinformation<\/h2>\n\n\n\n<p class=\"has-text-align-center\"><a href=\"https:\/\/hotus.fi\/wp-content\/uploads\/2024\/01\/laskutusyhteydet-10-2023-fin-sv.pdf\" target=\"_blank\" rel=\"noopener\" title=\"\">Du hittar faktureringsinformationen fr&aring;n den h&auml;r l&auml;nken<\/a><\/p>\n\n\n\n<div class=\"wp-block-group has-light-gray-background-color has-background\"><div class=\"wp-block-group__inner-container is-layout-constrained wp-block-group-is-layout-constrained\">\n<h2 class=\"wp-block-heading has-text-align-center\">Ta kontakt<\/h2>\n\n\n<script>\nvar gform;gform||(document.addEventListener(\"gform_main_scripts_loaded\",function(){gform.scriptsLoaded=!0}),document.addEventListener(\"gform\/theme\/scripts_loaded\",function(){gform.themeScriptsLoaded=!0}),window.addEventListener(\"DOMContentLoaded\",function(){gform.domLoaded=!0}),gform={domLoaded:!1,scriptsLoaded:!1,themeScriptsLoaded:!1,isFormEditor:()=>\"function\"==typeof InitializeEditor,callIfLoaded:function(o){return!(!gform.domLoaded||!gform.scriptsLoaded||!gform.themeScriptsLoaded&&!gform.isFormEditor()||(gform.isFormEditor()&&console.warn(\"The use of gform.initializeOnLoaded() is deprecated in the form editor context and will be removed in Gravity Forms 3.1.\"),o(),0))},initializeOnLoaded:function(o){gform.callIfLoaded(o)||(document.addEventListener(\"gform_main_scripts_loaded\",()=>{gform.scriptsLoaded=!0,gform.callIfLoaded(o)}),document.addEventListener(\"gform\/theme\/scripts_loaded\",()=>{gform.themeScriptsLoaded=!0,gform.callIfLoaded(o)}),window.addEventListener(\"DOMContentLoaded\",()=>{gform.domLoaded=!0,gform.callIfLoaded(o)}))},hooks:{action:{},filter:{}},addAction:function(o,r,e,t){gform.addHook(\"action\",o,r,e,t)},addFilter:function(o,r,e,t){gform.addHook(\"filter\",o,r,e,t)},doAction:function(o){gform.doHook(\"action\",o,arguments)},applyFilters:function(o){return gform.doHook(\"filter\",o,arguments)},removeAction:function(o,r){gform.removeHook(\"action\",o,r)},removeFilter:function(o,r,e){gform.removeHook(\"filter\",o,r,e)},addHook:function(o,r,e,t,n){null==gform.hooks[o][r]&&(gform.hooks[o][r]=[]);var d=gform.hooks[o][r];null==n&&(n=r+\"_\"+d.length),gform.hooks[o][r].push({tag:n,callable:e,priority:t=null==t?10:t})},doHook:function(r,o,e){var t;if(e=Array.prototype.slice.call(e,1),null!=gform.hooks[r][o]&&((o=gform.hooks[r][o]).sort(function(o,r){return o.priority-r.priority}),o.forEach(function(o){\"function\"!=typeof(t=o.callable)&&(t=window[t]),\"action\"==r?t.apply(null,e):e[0]=t.apply(null,e)})),\"filter\"==r)return e[0]},removeHook:function(o,r,t,n){var e;null!=gform.hooks[o][r]&&(e=(e=gform.hooks[o][r]).filter(function(o,r,e){return!!(null!=n&&n!=o.tag||null!=t&&t!=o.priority)}),gform.hooks[o][r]=e)}});\n<\/script>\n\n                <div class=\"gf_browser_gecko gform_wrapper gravity-theme gform-theme--no-framework\" data-form-theme=\"gravity-theme\" data-form-index=\"0\" id=\"gform_wrapper_4\">\n                        <div class=\"gform_heading\">\n                            <p class=\"gform_description\"><\/p>\n\t\t\t\t\t\t\t<p class=\"gform_required_legend\">&rdquo;<span class=\"gfield_required gfield_required_asterisk\">*<\/span>&rdquo; anger obligatoriska f&auml;lt<\/p>\n                        <\/div><form method=\"post\" enctype=\"multipart\/form-data\" id=\"gform_4\" action=\"\/sv\/wp-json\/wp\/v2\/pages\/6279\" data-formid=\"4\" novalidate>\n                        <div class=\"gform-body gform_body\"><div id=\"gform_fields_4\" class=\"gform_fields top_label form_sublabel_below description_below validation_below\"><div id=\"field_4_6\" class=\"gfield gfield--type-honeypot gform_validation_container field_sublabel_below gfield--has-description field_description_below field_validation_below gfield_visibility_visible\"><label class=\"form-label gfield_label gform-field-label\" for=\"input_4_6\">LinkedIn<\/label><div class=\"ginput_container\"><input name=\"input_6\" id=\"input_4_6\" type=\"text\" value=\"\" autocomplete=\"new-password\"><\/div><div class=\"small text-muted gfield_description\" id=\"gfield_description_4_6\">Detta f&auml;lt anv&auml;nds f&ouml;r validerings&auml;ndam&aring;l och ska l&auml;mnas of&ouml;r&auml;ndrat.<\/div><\/div><div id=\"field_4_1\" class=\"gfield gfield--type-text gfield--input-type-text gfield_contains_required field_sublabel_below gfield--no-description field_description_below field_validation_below gfield_visibility_visible\"><label class=\"form-label gfield_label gform-field-label\" for=\"input_4_1\">Namn<span class=\"gfield_required\"><span class=\"gfield_required gfield_required_asterisk\">*<\/span><\/span><\/label><div class=\"ginput_container ginput_container_text\"><input name=\"input_1\" id=\"input_4_1\" type=\"text\" value=\"\" class=\"form-control\" aria-required=\"true\" aria-invalid=\"false\"><\/div><\/div><div id=\"field_4_5\" class=\"gfield gfield--type-email gfield--input-type-email gfield--width-full gfield--width-half gfield_contains_required field_sublabel_below gfield--no-description field_description_below field_validation_below gfield_visibility_visible\"><label class=\"form-label gfield_label gform-field-label\" for=\"input_4_5\">E-post<span class=\"gfield_required\"><span class=\"gfield_required gfield_required_asterisk\">*<\/span><\/span><\/label><div class=\"ginput_container ginput_container_email\">\n                            <input name=\"input_5\" id=\"input_4_5\" autocomplete=\"email\" type=\"email\" value=\"\" class=\"medium\" aria-required=\"true\" aria-invalid=\"false\">\n                        <\/div><\/div><div id=\"field_4_4\" class=\"gfield gfield--type-textarea gfield--input-type-textarea gfield_contains_required field_sublabel_below gfield--no-description field_description_below field_validation_below gfield_visibility_visible\"><label class=\"form-label gfield_label gform-field-label\" for=\"input_4_4\">Ditt meddelande<span class=\"gfield_required\"><span class=\"gfield_required gfield_required_asterisk\">*<\/span><\/span><\/label><div class=\"ginput_container ginput_container_textarea\"><textarea name=\"input_4\" id=\"input_4_4\" class=\"form-control form-control-lg textarea\" aria-required=\"true\" aria-invalid=\"false\" rows=\"4\" cols=\"50\"><\/textarea><\/div><\/div><\/div><\/div>\n        <div class=\"gform-footer gform_footer top_label\"> <input type=\"submit\" id=\"gform_submit_button_4\" class=\"gform_button btn btn-primary button\" onclick=\"gform.submission.handleButtonClick(this);\" data-submission-type=\"submit\" value=\"Skicka\"> \n            <input type=\"hidden\" class=\"gform_hidden\" name=\"gform_submission_method\" data-js=\"gform_submission_method_4\" value=\"postback\">\n            <input type=\"hidden\" class=\"gform_hidden\" name=\"gform_theme\" data-js=\"gform_theme_4\" id=\"gform_theme_4\" value=\"gravity-theme\">\n            <input type=\"hidden\" class=\"gform_hidden\" name=\"gform_style_settings\" data-js=\"gform_style_settings_4\" id=\"gform_style_settings_4\" value='{\"inputPrimaryColor\":\"#204ce5\"}'>\n            <input type=\"hidden\" class=\"gform_hidden\" name=\"is_submit_4\" value=\"1\">\n            <input type=\"hidden\" class=\"gform_hidden\" name=\"gform_submit\" value=\"4\">\n            \n            <input type=\"hidden\" class=\"gform_hidden\" name=\"gform_unique_id\" value=\"\">\n            <input type=\"hidden\" class=\"gform_hidden\" name=\"state_4\" value=\"WyJbXSIsImNlYjNmOTZlN2RlYzQ5OTkxNWMxZWYwNTQyYTEyYzQyIl0=\">\n            <input type=\"hidden\" autocomplete=\"off\" class=\"gform_hidden\" name=\"gform_target_page_number_4\" id=\"gform_target_page_number_4\" value=\"0\">\n            <input type=\"hidden\" autocomplete=\"off\" class=\"gform_hidden\" name=\"gform_source_page_number_4\" id=\"gform_source_page_number_4\" value=\"1\">\n            <input type=\"hidden\" name=\"gform_field_values\" value=\"\">\n            \n        <\/div>\n                        <\/form>\n                        <\/div><script>\ngform.initializeOnLoaded( function() {gformInitSpinner( 4, 'data:image\/gif;base64,R0lGODlhAQABAIAAAAAAAP\/\/\/yH5BAEAAAAALAAAAAABAAEAAAIBRAA7', true );jQuery('#gform_ajax_frame_4').on('load',function(){var contents = jQuery(this).contents().find('*').html();var is_postback = contents.indexOf('GF_AJAX_POSTBACK') >= 0;if(!is_postback){return;}var form_content = jQuery(this).contents().find('#gform_wrapper_4');var is_confirmation = jQuery(this).contents().find('#gform_confirmation_wrapper_4').length > 0;var is_redirect = contents.indexOf('gformRedirect(){') >= 0;var is_form = form_content.length > 0 && ! is_redirect && ! is_confirmation;var mt = parseInt(jQuery('html').css('margin-top'), 10) + parseInt(jQuery('body').css('margin-top'), 10) + 100;if(is_form){jQuery('#gform_wrapper_4').html(form_content.html());if(form_content.hasClass('gform_validation_error')){jQuery('#gform_wrapper_4').addClass('gform_validation_error');} else {jQuery('#gform_wrapper_4').removeClass('gform_validation_error');}setTimeout( function() { \/* delay the scroll by 50 milliseconds to fix a bug in chrome *\/  }, 50 );if(window['gformInitDatepicker']) {gformInitDatepicker();}if(window['gformInitPriceFields']) {gformInitPriceFields();}var current_page = jQuery('#gform_source_page_number_4').val();gformInitSpinner( 4, 'data:image\/gif;base64,R0lGODlhAQABAIAAAAAAAP\/\/\/yH5BAEAAAAALAAAAAABAAEAAAIBRAA7', true );jQuery(document).trigger('gform_page_loaded', [4, current_page]);window['gf_submitting_4'] = false;}else if(!is_redirect){var confirmation_content = jQuery(this).contents().find('.GF_AJAX_POSTBACK').html();if(!confirmation_content){confirmation_content = contents;}jQuery('#gform_wrapper_4').replaceWith(confirmation_content);jQuery(document).trigger('gform_confirmation_loaded', [4]);window['gf_submitting_4'] = false;wp.a11y.speak(jQuery('#gform_confirmation_message_4').text());}else{jQuery('#gform_4').append(contents);if(window['gformRedirect']) {gformRedirect();}}jQuery(document).trigger(\"gform_pre_post_render\", [{ formId: \"4\", currentPage: \"current_page\", abort: function() { this.preventDefault(); } }]);        if (event && event.defaultPrevented) {                return;        }        const gformWrapperDiv = document.getElementById( \"gform_wrapper_4\" );        if ( gformWrapperDiv ) {            const visibilitySpan = document.createElement( \"span\" );            visibilitySpan.id = \"gform_visibility_test_4\";            gformWrapperDiv.insertAdjacentElement( \"afterend\", visibilitySpan );        }        const visibilityTestDiv = document.getElementById( \"gform_visibility_test_4\" );        let postRenderFired = false;        function triggerPostRender() {            if ( postRenderFired ) {                return;            }            postRenderFired = true;            gform.core.triggerPostRenderEvents( 4, current_page );            if ( visibilityTestDiv ) {                visibilityTestDiv.parentNode.removeChild( visibilityTestDiv );            }        }        function debounce( func, wait, immediate ) {            var timeout;            return function() {                var context = this, args = arguments;                var later = function() {                    timeout = null;                    if ( !immediate ) func.apply( context, args );                };                var callNow = immediate && !timeout;                clearTimeout( timeout );                timeout = setTimeout( later, wait );                if ( callNow ) func.apply( context, args );            };        }        const debouncedTriggerPostRender = debounce( function() {            triggerPostRender();        }, 200 );        if ( visibilityTestDiv && visibilityTestDiv.offsetParent === null ) {            const observer = new MutationObserver( ( mutations ) => {                mutations.forEach( ( mutation ) => {                    if ( mutation.type === 'attributes' && visibilityTestDiv.offsetParent !== null ) {                        debouncedTriggerPostRender();                        observer.disconnect();                    }                });            });            observer.observe( document.body, {                attributes: true,                childList: false,                subtree: true,                attributeFilter: [ 'style', 'class' ],            });        } else {            triggerPostRender();        }    } );} );\n<\/script>\n<\/div><\/div>\n","protected":false},"excerpt":{"rendered":"<p>Hoitoty\u00f6n tutkimuss\u00e4\u00e4ti\u00f6 \u2013 Hotus Asemamiehenkatu 2, 00520 Helsinki, Finland Bes\u00f6ksadress: Kellosilta 5 Faktureringskontaktinformation Du hittar faktureringsinformationen fr\u00e5n den h\u00e4r l\u00e4nken Ta kontakt<\/p>\n","protected":false},"author":1,"featured_media":0,"parent":0,"menu_order":99,"comment_status":"closed","ping_status":"closed","template":"","meta":{"_acf_changed":false,"footnotes":""},"class_list":["post-6279","page","type-page","status-publish","hentry"],"acf":[],"aioseo_notices":[],"_links":{"self":[{"href":"https:\/\/hotus.fi\/sv\/wp-json\/wp\/v2\/pages\/6279","targetHints":{"allow":["GET"]}}],"collection":[{"href":"https:\/\/hotus.fi\/sv\/wp-json\/wp\/v2\/pages"}],"about":[{"href":"https:\/\/hotus.fi\/sv\/wp-json\/wp\/v2\/types\/page"}],"author":[{"embeddable":true,"href":"https:\/\/hotus.fi\/sv\/wp-json\/wp\/v2\/users\/1"}],"replies":[{"embeddable":true,"href":"https:\/\/hotus.fi\/sv\/wp-json\/wp\/v2\/comments?post=6279"}],"version-history":[{"count":0,"href":"https:\/\/hotus.fi\/sv\/wp-json\/wp\/v2\/pages\/6279\/revisions"}],"wp:attachment":[{"href":"https:\/\/hotus.fi\/sv\/wp-json\/wp\/v2\/media?parent=6279"}],"curies":[{"name":"wp","href":"https:\/\/api.w.org\/{rel}","templated":true}]}}