{"id":8324,"date":"2023-08-11T14:35:28","date_gmt":"2023-08-11T11:35:28","guid":{"rendered":"https:\/\/hotus.fi\/?page_id=8324"},"modified":"2024-12-16T18:44:48","modified_gmt":"2024-12-16T16:44:48","slug":"evidensbaserad-praktik","status":"publish","type":"page","link":"https:\/\/hotus.fi\/sv\/evidensbaserad-praktik\/","title":{"rendered":"Evidensbaserad praktik"},"content":{"rendered":"<p>Evidensbaserad praktik (EBP) handlar om att medvetet och systematiskt str&auml;va efter att basera v&aring;rd och omsorg p&aring; b&auml;sta tillg&auml;ngliga kunskap. M&aring;let med EBP &auml;r att garantera goda och trygga social- oh h&auml;lsov&aring;rdstj&auml;nster, ett likv&auml;rdigt bem&ouml;tande samt korrekt resursallokering.<\/p>\n\n\n\n<figure class=\"wp-block-image size-large\"><img decoding=\"async\" width=\"1024\" height=\"512\" src=\"https:\/\/hotus.fi\/wp-content\/uploads\/2024\/01\/rataskuvio-2022-sv-logo-1024x512.jpg\" alt=\"rataskuvio 2022 sv logo 1024x512\" class=\"wp-image-8325\" srcset=\"https:\/\/hotus.fi\/wp-content\/uploads\/2024\/01\/rataskuvio-2022-sv-logo-1024x512.jpg 1024w, https:\/\/hotus.fi\/wp-content\/uploads\/2024\/01\/rataskuvio-2022-sv-logo-300x150.jpg 300w, https:\/\/hotus.fi\/wp-content\/uploads\/2024\/01\/rataskuvio-2022-sv-logo-768x384.jpg 768w, https:\/\/hotus.fi\/wp-content\/uploads\/2024\/01\/rataskuvio-2022-sv-logo-1536x768.jpg 1536w, https:\/\/hotus.fi\/wp-content\/uploads\/2024\/01\/rataskuvio-2022-sv-logo.jpg 2000w\" sizes=\"(max-width: 1024px) 100vw, 1024px\"><\/figure>\n","protected":false},"excerpt":{"rendered":"<p>Evidensbaserad praktik (EBP) handlar om att medvetet och systematiskt str\u00e4va efter att basera v\u00e5rd och omsorg p\u00e5 b\u00e4sta tillg\u00e4ngliga kunskap. M\u00e5let med EBP \u00e4r att garantera goda och trygga social- oh h\u00e4lsov\u00e5rdstj\u00e4nster, ett likv\u00e4rdigt bem\u00f6tande samt korrekt resursallokering.<\/p>\n","protected":false},"author":1,"featured_media":0,"parent":0,"menu_order":3,"comment_status":"closed","ping_status":"closed","template":"","meta":{"_acf_changed":false,"footnotes":""},"class_list":["post-8324","page","type-page","status-publish","hentry"],"acf":[],"aioseo_notices":[],"_links":{"self":[{"href":"https:\/\/hotus.fi\/sv\/wp-json\/wp\/v2\/pages\/8324","targetHints":{"allow":["GET"]}}],"collection":[{"href":"https:\/\/hotus.fi\/sv\/wp-json\/wp\/v2\/pages"}],"about":[{"href":"https:\/\/hotus.fi\/sv\/wp-json\/wp\/v2\/types\/page"}],"author":[{"embeddable":true,"href":"https:\/\/hotus.fi\/sv\/wp-json\/wp\/v2\/users\/1"}],"replies":[{"embeddable":true,"href":"https:\/\/hotus.fi\/sv\/wp-json\/wp\/v2\/comments?post=8324"}],"version-history":[{"count":1,"href":"https:\/\/hotus.fi\/sv\/wp-json\/wp\/v2\/pages\/8324\/revisions"}],"predecessor-version":[{"id":17123,"href":"https:\/\/hotus.fi\/sv\/wp-json\/wp\/v2\/pages\/8324\/revisions\/17123"}],"wp:attachment":[{"href":"https:\/\/hotus.fi\/sv\/wp-json\/wp\/v2\/media?parent=8324"}],"curies":[{"name":"wp","href":"https:\/\/api.w.org\/{rel}","templated":true}]}}