{"id":8347,"date":"2024-01-05T15:25:19","date_gmt":"2024-01-05T13:25:19","guid":{"rendered":"https:\/\/hotus.fi\/?page_id=8347"},"modified":"2024-12-16T18:58:58","modified_gmt":"2024-12-16T16:58:58","slug":"handbocker","status":"publish","type":"page","link":"https:\/\/hotus.fi\/sv\/sammanfattning-av-evidens\/handbocker\/","title":{"rendered":"Handb\u00f6cker"},"content":{"rendered":"<div class=\"image-and-text wp-block is-style-image-contain has-media-on-the-left\">\r\n<div class=\"row\">\r\n    <div class=\"col-12 col-md-6 image-col\">\r\n\r\n        <img decoding=\"async\" width=\"722\" height=\"1024\" src=\"https:\/\/hotus.fi\/wp-content\/uploads\/2024\/05\/hekakirja-kansi-722x1024.jpg\" class=\"attachment-large size-large\" alt=\"Hotus-k&auml;sikirja\" srcset=\"https:\/\/hotus.fi\/wp-content\/uploads\/2024\/05\/hekakirja-kansi-722x1024.jpg 722w, https:\/\/hotus.fi\/wp-content\/uploads\/2024\/05\/hekakirja-kansi-211x300.jpg 211w, https:\/\/hotus.fi\/wp-content\/uploads\/2024\/05\/hekakirja-kansi-768x1090.jpg 768w, https:\/\/hotus.fi\/wp-content\/uploads\/2024\/05\/hekakirja-kansi.jpg 874w\" sizes=\"(max-width: 722px) 100vw, 722px\">    <\/div>\r\n\r\n    <div class=\"col-12 col-md-6 text-col\"><div class=\"acf-innerblocks-container\">\n\n<h3 class=\"wp-block-heading\">Handbok f&ouml;r v&aring;rd av patienter vid uppvaket och s&auml;ker f&ouml;rflyttning till fortsatt v&aring;rd<\/h3>\n\n\n\n<p><\/p>\n\n\n\n<h4 class=\"wp-block-heading\">Hotus-handbok | nro. 1 | 2024<\/h4>\n\n\n\n<p><\/p>\n\n\n\n<h4 class=\"wp-block-heading\"><a href=\"https:\/\/hotus.fi\/wp-content\/uploads\/2024\/12\/hotus-heraamokasikirja-2024-sv-1.pdf\" title=\"\">L&auml;nk p&aring; handbok<\/a><\/h4>\n\n<\/div>\r\n<\/div>\r\n<\/div>\r\n<\/div>\n\n\n<h3 class=\"wp-block-heading\">Till&auml;mpning av programmet f&ouml;r ett babyv&auml;nligt sjukhus<\/h3>\n\n\n\n<p>Handbok f&ouml;r utveckling av enhetlig evidensbaserad praxis<\/p>\n\n\n\n<div class=\"wp-block-file\"><a id=\"wp-block-file--media-654ea516-7b06-4a98-aa92-c7a9691cbb08\" href=\"https:\/\/hotus.fi\/wp-content\/uploads\/2024\/01\/web-babyvanlig-handbok-1.pdf\">Till&auml;mpning av programmet f&ouml;r ett babyv&auml;nligt sjukhus (l&auml;nk).&nbsp;<\/a><\/div>\n\n\n\n<figure class=\"wp-block-image size-large is-resized\"><img decoding=\"async\" width=\"1024\" height=\"652\" src=\"https:\/\/hotus.fi\/wp-content\/uploads\/2024\/01\/sieppaa-baby-2-1024x652.webp\" alt=\"sieppaa baby 2 1024x652\" class=\"wp-image-8348\" style=\"width:726px;height:auto\" srcset=\"https:\/\/hotus.fi\/wp-content\/uploads\/2024\/01\/sieppaa-baby-2-1024x652.webp 1024w, https:\/\/hotus.fi\/wp-content\/uploads\/2024\/01\/sieppaa-baby-2-300x191.webp 300w, https:\/\/hotus.fi\/wp-content\/uploads\/2024\/01\/sieppaa-baby-2-768x489.webp 768w, https:\/\/hotus.fi\/wp-content\/uploads\/2024\/01\/sieppaa-baby-2.webp 1053w\" sizes=\"(max-width: 1024px) 100vw, 1024px\"><\/figure>\n","protected":false},"excerpt":{"rendered":"<p>Till\u00e4mpning av programmet f\u00f6r ett babyv\u00e4nligt sjukhus Handbok f\u00f6r utveckling av enhetlig evidensbaserad praxis<\/p>\n","protected":false},"author":1,"featured_media":0,"parent":8345,"menu_order":0,"comment_status":"closed","ping_status":"closed","template":"","meta":{"_acf_changed":false,"footnotes":""},"class_list":["post-8347","page","type-page","status-publish","hentry"],"acf":[],"aioseo_notices":[],"_links":{"self":[{"href":"https:\/\/hotus.fi\/sv\/wp-json\/wp\/v2\/pages\/8347","targetHints":{"allow":["GET"]}}],"collection":[{"href":"https:\/\/hotus.fi\/sv\/wp-json\/wp\/v2\/pages"}],"about":[{"href":"https:\/\/hotus.fi\/sv\/wp-json\/wp\/v2\/types\/page"}],"author":[{"embeddable":true,"href":"https:\/\/hotus.fi\/sv\/wp-json\/wp\/v2\/users\/1"}],"replies":[{"embeddable":true,"href":"https:\/\/hotus.fi\/sv\/wp-json\/wp\/v2\/comments?post=8347"}],"version-history":[{"count":0,"href":"https:\/\/hotus.fi\/sv\/wp-json\/wp\/v2\/pages\/8347\/revisions"}],"up":[{"embeddable":true,"href":"https:\/\/hotus.fi\/sv\/wp-json\/wp\/v2\/pages\/8345"}],"wp:attachment":[{"href":"https:\/\/hotus.fi\/sv\/wp-json\/wp\/v2\/media?parent=8347"}],"curies":[{"name":"wp","href":"https:\/\/api.w.org\/{rel}","templated":true}]}}