{"id":8363,"date":"2023-08-11T14:45:45","date_gmt":"2023-08-11T11:45:45","guid":{"rendered":"https:\/\/hotus.fi\/nayttovinkit\/"},"modified":"2026-03-11T08:54:45","modified_gmt":"2026-03-11T06:54:45","slug":"evidenstips","status":"publish","type":"page","link":"https:\/\/hotus.fi\/sv\/evidenstips\/","title":{"rendered":"Evidenstips\u00ae"},"content":{"rendered":"<div class=\"wp-block-columns has-light-gray-background-color has-background is-layout-flex wp-container-core-columns-is-layout-9d6595d7 wp-block-columns-is-layout-flex\">\n<div class=\"wp-block-column is-vertically-aligned-center is-layout-flow wp-block-column-is-layout-flow\" style=\"flex-basis:60%\">\n<h2 class=\"wp-block-heading\">Vad &auml;r Evidenstips&reg;?<\/h2>\n\n\n\n<p>Evidenstips &auml;r en sammanfattning av en h&ouml;gklassig systematisk &ouml;versikt eller v&aring;rdrekommendation. Syftet med Evidenstipsen &auml;r att sammanfatta forskningsuppgifter i ett mer anv&auml;ndarv&auml;nligt format. Syftet &auml;r ocks&aring; att sprida sammanfattade, evidensbaserade forskningsuppgifter f&ouml;r att gynna b&aring;de yrkesutbildade inom social- och h&auml;lsov&aring;rden samt medborgare.<\/p>\n\n\n\n<p>Evidenstipsen &auml;r i f&ouml;rsta hand &auml;mnade &aring;t yrkespersoner inom social- och h&auml;lsov&aring;rdens serviceorganisationer. Evidenstipsen finns fritt tillg&auml;ngliga f&ouml;r alla p&aring; Hotus webbplats.<\/p>\n\n\n\n<p><strong>Evidenstips redaktion: <\/strong>Silja-Elisa Eskolin och Johanna Nyman<\/p>\n\n\n\n<p><strong>Evidenstips som publicerats &aring;r 2021<\/strong> finns tillg&auml;ngliga p&aring; beg&auml;ran. Du kan beg&auml;ra evidenstipset via adressen: <a href=\"mailto:silja.eskolin@hotus.fi\" target=\"_blank\" rel=\"noopener\" title=\"\">silja.eskolin@hotus.fi<\/a><\/p>\n<\/div>\n\n\n\n<div class=\"wp-block-column is-vertically-aligned-center is-layout-flow wp-block-column-is-layout-flow\">\n<figure class=\"wp-block-image size-full mb-0\"><img decoding=\"async\" width=\"440\" height=\"220\" src=\"https:\/\/hotus.fi\/wp-content\/uploads\/2024\/01\/eye-no-text.webp\" alt=\"eye-no-text\" class=\"wp-image-8122\" srcset=\"https:\/\/hotus.fi\/wp-content\/uploads\/2024\/01\/eye-no-text.webp 440w, https:\/\/hotus.fi\/wp-content\/uploads\/2024\/01\/eye-no-text-300x150.webp 300w\" sizes=\"(max-width: 440px) 100vw, 440px\"><\/figure>\n<\/div>\n<\/div>\n\n\n\n<div class=\"wp-block-columns is-layout-flex wp-container-core-columns-is-layout-9d6595d7 wp-block-columns-is-layout-flex\">\n<div class=\"wp-block-column is-layout-flow wp-block-column-is-layout-flow\" style=\"flex-basis:100%\">\r\n<div class=\"accordion bg-color-turquoise\">\r\n\r\n    <div class=\"acf-innerblocks-container\">\n\r\n<div class=\"accordion-item \">\r\n\r\n\r\n    <h2 id=\"heading-114455470\" class=\"accordion-header\">\r\n        <button class=\"accordion-button collapsed h3\" type=\"button\" data-bs-toggle=\"collapse\" data-bs-target=\"#collapse-114455470\" aria-expanded=\"false\" aria-controls=\"collapse-114455470\">\r\n\r\n            \r\n            <span>EVIDENSTIPS&reg; &Aring;R 2025<\/span>        <\/button>\r\n    <\/h2>\r\n\r\n    <div id=\"collapse-114455470\" class=\"accordion-collapse collapse\" aria-labelledby=\"heading-114455470\">\r\n        <div class=\"accordion-body\">\r\n            <div class=\"acf-innerblocks-container\">\n\n<p><a href=\"https:\/\/hotus.fi\/wp-content\/uploads\/2026\/03\/evidenstips-12-2025.pdf\" target=\"_blank\" rel=\"noopener\" title=\"\">Vilka faktorer &auml;r kopplade till l&auml;kemedelsbehandlingsfel i en prehospitalakutsjukv&aring;rdsmilj&ouml;?<\/a><\/p>\n\n\n\n<p><a href=\"https:\/\/hotus.fi\/wp-content\/uploads\/2025\/12\/evidenstips-11-2025.pdf\" target=\"_blank\" rel=\"noopener\" title=\"\">Vilka &auml;r f&ouml;rdelarna med att markera placeringen av en tarmstomi f&ouml;r patienten?<\/a><\/p>\n\n\n\n<p><a href=\"https:\/\/hotus.fi\/wp-content\/uploads\/2025\/12\/evidenstips-10-2025.pdf\" target=\"_blank\" rel=\"noopener\" title=\"\">Hur p&aring;verkar en tidig mobilisering muskelkonditionen och v&aring;rdperioden f&ouml;r en patient p&aring; intensivv&aring;rdsavdelningen?<\/a><\/p>\n\n\n\n<p><a href=\"https:\/\/hotus.fi\/wp-content\/uploads\/2025\/12\/evidenstips-9-2025.pdf\" target=\"_blank\" rel=\"noopener\" title=\"\">Hurdana erfarenheter har v&aring;rdstuderande av mobbning under klinisk praktik, och hur kan mobbning f&ouml;rebyggas?<\/a><\/p>\n\n\n\n<p><a href=\"https:\/\/hotus.fi\/wp-content\/uploads\/2025\/11\/evidenstips-8-2025.pdf\" target=\"_blank\" rel=\"noopener\" title=\"\">Vilka effekter har digitala motionsspel p&aring; de &auml;ldres funktionsf&ouml;rm&aring;ga och aktivitet i serviceboende med heldygnsomsorg?<\/a><\/p>\n\n\n\n<p><a href=\"https:\/\/hotus.fi\/wp-content\/uploads\/2025\/11\/evidenstips-7-2025.pdf\" target=\"_blank\" rel=\"noopener\" title=\"\">Hurdana erfarenheter har f&ouml;r&auml;ldrar av samtal med v&aring;rdpersonal om ett barns &ouml;vervikt?<\/a><\/p>\n\n\n\n<p><a href=\"https:\/\/hotus.fi\/wp-content\/uploads\/2025\/08\/evidenstips-6-2025.pdf\" target=\"_blank\" rel=\"noopener\" title=\"\">Hur kan man minska negativa erfarenheter av anv&auml;ndningen av tv&aring;ng inom frivillig och ofrivillig psykiatrisk sjukhusv&aring;rd?<\/a><\/p>\n\n\n\n<p><a href=\"https:\/\/hotus.fi\/wp-content\/uploads\/2025\/08\/evidenstips-5-2025.pdf\" target=\"_blank\" rel=\"noopener\" title=\"\">Hur kan v&aring;rdpersonalen st&ouml;dja patientens familj p&aring; intensivv&aring;rdsavdelningen?<\/a><\/p>\n\n\n\n<p><a href=\"https:\/\/hotus.fi\/wp-content\/uploads\/2025\/05\/evidenstips-4-2025.pdf\" target=\"_blank\" rel=\"noopener\" title=\"\">Hur ska v&aring;rdarbetet ledas f&ouml;r att det ska fr&auml;mja och st&ouml;dja evidensbaserad praktik inom v&aring;rden?<\/a><\/p>\n\n\n\n<p><a href=\"https:\/\/hotus.fi\/wp-content\/uploads\/2025\/05\/evidenstips-3-2025.pdf\" target=\"_blank\" rel=\"noopener\" title=\"\">Hur kan man st&auml;rka v&auml;lbefinnandet hos v&aring;rdpersonal som arbetar nattetid?<\/a><\/p>\n\n\n\n<p><a href=\"https:\/\/hotus.fi\/wp-content\/uploads\/2025\/05\/evidenstips-2-2025.pdf\" target=\"_blank\" rel=\"noopener\" title=\"\">Vid utskrivning av &auml;ldre &ndash; vilka f&ouml;ljder har distanstj&auml;nster?<\/a><\/p>\n\n\n\n<p><a href=\"https:\/\/hotus.fi\/wp-content\/uploads\/2025\/01\/evidenstips-1-2025.pdf\" target=\"_blank\" rel=\"noopener\" title=\"\">Vilka faktorer fr&auml;mjar eller f&ouml;rhindrar tillg&aring;ngen till och anv&auml;ndningen av st&ouml;dtj&auml;nster f&ouml;r barn och ungdomar med ADHD-symtom?<\/a><\/p>\n\n<\/div>\r\n        <\/div>\r\n    <\/div>\r\n\r\n<\/div>\n\n\r\n<div class=\"accordion-item \">\r\n\r\n\r\n    <h2 id=\"heading-2082371484\" class=\"accordion-header\">\r\n        <button class=\"accordion-button collapsed h3\" type=\"button\" data-bs-toggle=\"collapse\" data-bs-target=\"#collapse-2082371484\" aria-expanded=\"false\" aria-controls=\"collapse-2082371484\">\r\n\r\n            \r\n            <span>EVIDENSTIPS&reg; &Aring;R 2024<\/span>        <\/button>\r\n    <\/h2>\r\n\r\n    <div id=\"collapse-2082371484\" class=\"accordion-collapse collapse\" aria-labelledby=\"heading-2082371484\">\r\n        <div class=\"accordion-body\">\r\n            <div class=\"acf-innerblocks-container\">\n\n<p><a href=\"https:\/\/hotus.fi\/wp-content\/uploads\/2025\/01\/evidenstips-12-2024.pdf\" target=\"_blank\" rel=\"noopener\" title=\"\">Vilka faktorer &auml;r relaterade till kognitiv neds&auml;ttning hos &auml;ldre personer med diabetes?<\/a><\/p>\n\n\n\n<p><a href=\"https:\/\/hotus.fi\/wp-content\/uploads\/2025\/01\/evidenstips-11-2024.pdf\" target=\"_blank\" rel=\"noopener\" title=\"\">&Auml;r fabriksrena skyddshandskar ett alternativ till sterila skyddshandskar vid jourpoliklinisk f&ouml;rslutning av olycksfallsrelaterade s&aring;rskador p&aring; vuxna?<\/a><\/p>\n\n\n\n<p><a href=\"https:\/\/hotus.fi\/wp-content\/uploads\/2024\/11\/evidenstips-9-2024.pdf\" target=\"_blank\" rel=\"noopener\" title=\"\">Vilka metoder p&aring; individniv&aring; kan minska v&aring;rdpersonalens symtom p&aring; arbetsrelaterad stress?<\/a><\/p>\n\n\n\n<p><a href=\"https:\/\/hotus.fi\/wp-content\/uploads\/2024\/12\/evidenstips-10-2024.pdf\" target=\"_blank\" rel=\"noopener\" title=\"\">Hur kan man bidra till en trygg s&ouml;mn f&ouml;r sp&auml;dbarn?<\/a><\/p>\n\n\n\n<p><a href=\"https:\/\/hotus.fi\/wp-content\/uploads\/2024\/11\/evidenstips-8-2024.pdf\" target=\"_blank\" rel=\"noopener\" title=\"\">Vilken inverkan har genital herpes p&aring; ungdomars och vuxnas livskvalitet?<\/a><\/p>\n\n\n\n<p><a href=\"https:\/\/hotus.fi\/wp-content\/uploads\/2024\/09\/evidenstips-7-2024.pdf\" target=\"_blank\" rel=\"noopener\" title=\"\">Vilka erfarenheter av h&auml;lsov&aring;rd och andra tj&auml;nster har personer som skadar sig sj&auml;lva och som f&ouml;rs&ouml;kt beg&aring; sj&auml;lvmord samt deras n&auml;rst&aring;ende?<\/a><\/p>\n\n\n\n<p><a href=\"https:\/\/hotus.fi\/wp-content\/uploads\/2024\/09\/evidenstips-6-2024.pdf\" target=\"_blank\" rel=\"noopener\" title=\"\">F&ouml;r vilken typ av handledning l&auml;mpar sig teach-back-metoden inom h&auml;lsov&aring;rden och vad &auml;r viktigt att t&auml;nka p&aring; vid genomf&ouml;randet?<\/a><\/p>\n\n\n\n<p><a href=\"https:\/\/hotus.fi\/wp-content\/uploads\/2024\/09\/evidenstips-5-2024-1.pdf\" target=\"_blank\" rel=\"noopener\" title=\"\">Hurdana erfarenheter har personer som blivit gravida med hj&auml;lp av fertilitetsbehandlingar av att g&aring; &ouml;ver till moderskap?<\/a><\/p>\n\n\n\n<p><a href=\"https:\/\/hotus.fi\/wp-content\/uploads\/2024\/06\/evidenstips-4-2024.pdf\" target=\"_blank\" rel=\"noopener\" title=\"\">Vilka psykosociala metoder &auml;r effektiva vid behandling av f&ouml;rstag&aring;ngspsykoser och schizofreni?<\/a><\/p>\n\n\n\n<p><a href=\"https:\/\/hotus.fi\/wp-content\/uploads\/2024\/06\/evidenstips-3-2024.pdf\" target=\"_blank\" rel=\"noopener\" title=\"\">Hurudana erfarenheter har v&aring;rdl&auml;rare och v&aring;rdpersonal av studerandehandledning p&aring; serviceboenden f&ouml;r &auml;ldre?<\/a><\/p>\n\n\n\n<p><a href=\"https:\/\/hotus.fi\/wp-content\/uploads\/2024\/06\/evidenstips-2-2024.pdf\" target=\"_blank\" rel=\"noopener\" title=\"\">Vilka effekter har mindfulness&ouml;vningar p&aring; v&aring;rdpersonalens psykiska v&auml;lbefinnande?<\/a><\/p>\n\n\n\n<p><a href=\"https:\/\/hotus.fi\/wp-content\/uploads\/2024\/06\/evidenstips-1-2024.pdf\" target=\"_blank\" rel=\"noopener\" title=\"\">Hur p&aring;verkar djurassisterad terapi v&auml;lbefinnandet hos barn och unga som &auml;r inlagda p&aring; sjukhus?<\/a><\/p>\n\n<\/div>\r\n        <\/div>\r\n    <\/div>\r\n\r\n<\/div>\n\n\r\n<div class=\"accordion-item \">\r\n\r\n\r\n    <h2 id=\"heading-544236566\" class=\"accordion-header\">\r\n        <button class=\"accordion-button collapsed h3\" type=\"button\" data-bs-toggle=\"collapse\" data-bs-target=\"#collapse-544236566\" aria-expanded=\"false\" aria-controls=\"collapse-544236566\">\r\n\r\n            \r\n            <span>EVIDENSTIPS&reg; &Aring;R 2023 <\/span>        <\/button>\r\n    <\/h2>\r\n\r\n    <div id=\"collapse-544236566\" class=\"accordion-collapse collapse\" aria-labelledby=\"heading-544236566\">\r\n        <div class=\"accordion-body\">\r\n            <div class=\"acf-innerblocks-container\">\n\n<p><a href=\"https:\/\/hotus.fi\/wp-content\/uploads\/2024\/03\/evidenstips-10-2023.pdf\" title=\"\">Vilka faktorer har samband med patientens upplevelse av v&auml;rdighet under akut sjukhusv&aring;rd och hur kan man st&ouml;dja upplevelsen av v&auml;rdighet?<\/a><\/p>\n\n\n\n<p><a href=\"https:\/\/hotus.fi\/wp-content\/uploads\/2024\/03\/evidenstips-9-2023.pdf\" title=\"\">Hur kan man fr&auml;mja integration av v&aring;rdpersonal med olika spr&aring;kliga och kulturella bakgrunder p&aring; arbetsplatser inom h&auml;lso- och sjukv&aring;rden?<\/a><\/p>\n\n\n\n<p><a href=\"https:\/\/hotus.fi\/wp-content\/uploads\/2024\/01\/evidenstips-8-2023.pdf\" title=\"\">Vilka faktorer har samband med genomf&ouml;rande av egenv&aring;rd i fr&aring;ga om vuxna med diabetes?<\/a><\/p>\n\n\n\n<p><a href=\"https:\/\/hotus.fi\/wp-content\/uploads\/2024\/01\/evidenstips-7-2023.pdf\" title=\"\">Vilken effekt har fysisk rehabilitering p&aring; motoriska symtom och livskvaliteten hos personer med Parkinsons sjukdom?<\/a><\/p>\n\n\n\n<p><a href=\"https:\/\/www.hotus.fi\/wp-content\/uploads\/2023\/11\/evidenstips-6-2023.pdf\">Hur kan vi st&ouml;da sexualiteten hos &auml;ldre personer som bor p&aring; v&aring;rdplatser med dygnetruntv&aring;rd?<\/a><\/p>\n\n\n\n<p><a href=\"https:\/\/www.hotus.fi\/wp-content\/uploads\/2023\/11\/evidenstips-5-2023.pdf\">Hur kan man f&ouml;rb&auml;ttra v&auml;tskebalansen hos &auml;ldre personer inom l&aring;ngtidsv&aring;rden eller som insjuknat akut?<\/a><\/p>\n\n\n\n<p><a href=\"https:\/\/www.hotus.fi\/wp-content\/uploads\/2023\/08\/nv-4-2023-sv-1.pdf\">P&aring; vilket s&auml;tt kan man f&ouml;rb&auml;ttra nutritionstillst&aring;ndet f&ouml;r &auml;ldre personer som v&aring;rdas p&aring; sjukhus eller inom l&aring;ngtidsv&aring;rden?<\/a><\/p>\n\n\n\n<p><a href=\"https:\/\/www.hotus.fi\/wp-content\/uploads\/2023\/08\/nv-3-2023-sv-1.pdf\">Hurudana upplevelser har mentalv&aring;rdsklienterna av terapeutisk rekreationsverksamhet i naturen?<\/a><\/p>\n\n\n\n<p><a href=\"https:\/\/www.hotus.fi\/wp-content\/uploads\/2023\/08\/nv-2-2023-sv-1.pdf\">Vilka faktorer som f&ouml;r&auml;ldrarna sj&auml;lva beskriver p&aring;verkar deras syn p&aring; vaccinering av sina barn?<\/a><\/p>\n\n\n\n<p><a href=\"https:\/\/www.hotus.fi\/wp-content\/uploads\/2023\/08\/nv-1-2023-sv-1.pdf\">Med vilka metoder kan patienter och anh&ouml;riga handledas i att k&auml;nna igen en livshotande f&ouml;r&auml;ndring i patientens tillst&aring;<\/a><\/p>\n\n<\/div>\r\n        <\/div>\r\n    <\/div>\r\n\r\n<\/div>\n\n\r\n<div class=\"accordion-item \">\r\n\r\n\r\n    <h2 id=\"heading-191149236\" class=\"accordion-header\">\r\n        <button class=\"accordion-button collapsed h3\" type=\"button\" data-bs-toggle=\"collapse\" data-bs-target=\"#collapse-191149236\" aria-expanded=\"false\" aria-controls=\"collapse-191149236\">\r\n\r\n            \r\n            <span>EVIDENSTIPS&reg; &Aring;R 2022<\/span>        <\/button>\r\n    <\/h2>\r\n\r\n    <div id=\"collapse-191149236\" class=\"accordion-collapse collapse\" aria-labelledby=\"heading-191149236\">\r\n        <div class=\"accordion-body\">\r\n            <div class=\"acf-innerblocks-container\">\n\n<p><a href=\"https:\/\/www.hotus.fi\/wp-content\/uploads\/2023\/11\/evidenstips-6-2023.pdf\">Hur kan vi st&ouml;da sexualiteten hos &auml;ldre personer som bor p&aring; v&aring;rdplatser med dygnetruntv&aring;rd?<\/a><\/p>\n\n\n\n<p><a href=\"https:\/\/www.hotus.fi\/wp-content\/uploads\/2023\/11\/evidenstips-5-2023.pdf\">Hur kan man f&ouml;rb&auml;ttra v&auml;tskebalansen hos &auml;ldre personer inom l&aring;ngtidsv&aring;rden eller som insjuknat akut?<\/a><\/p>\n\n\n\n<p><a href=\"https:\/\/www.hotus.fi\/wp-content\/uploads\/2023\/08\/nv-4-2023-sv-1.pdf\">P&aring; vilket s&auml;tt kan man f&ouml;rb&auml;ttra nutritionstillst&aring;ndet f&ouml;r &auml;ldre personer som v&aring;rdas p&aring; sjukhus eller inom l&aring;ngtidsv&aring;rden?<\/a><\/p>\n\n\n\n<p><a href=\"https:\/\/www.hotus.fi\/wp-content\/uploads\/2023\/08\/nv-3-2023-sv-1.pdf\">Hurudana upplevelser har mentalv&aring;rdsklienterna av terapeutisk rekreationsverksamhet i naturen?<\/a><\/p>\n\n\n\n<p><a href=\"https:\/\/www.hotus.fi\/wp-content\/uploads\/2023\/08\/nv-2-2023-sv-1.pdf\">Vilka faktorer som f&ouml;r&auml;ldrarna sj&auml;lva beskriver p&aring;verkar deras syn p&aring; vaccinering av sina barn?<\/a><\/p>\n\n\n\n<p><a href=\"https:\/\/www.hotus.fi\/wp-content\/uploads\/2023\/08\/nv-1-2023-sv-1.pdf\">Med vilka metoder kan patienter och anh&ouml;riga handledas i att k&auml;nna igen en livshotande f&ouml;r&auml;ndring i patientens tillst&aring;nd?<\/a><\/p>\n\n<\/div>\r\n        <\/div>\r\n    <\/div>\r\n\r\n<\/div>\n\n\r\n<div class=\"accordion-item \">\r\n\r\n\r\n    <h2 id=\"heading-873696193\" class=\"accordion-header\">\r\n        <button class=\"accordion-button collapsed h3\" type=\"button\" data-bs-toggle=\"collapse\" data-bs-target=\"#collapse-873696193\" aria-expanded=\"false\" aria-controls=\"collapse-873696193\">\r\n\r\n            \r\n            <span>EVIDENSTIPS&reg; &Aring;R 2021<\/span>        <\/button>\r\n    <\/h2>\r\n\r\n    <div id=\"collapse-873696193\" class=\"accordion-collapse collapse\" aria-labelledby=\"heading-873696193\">\r\n        <div class=\"accordion-body\">\r\n            <div class=\"acf-innerblocks-container\">\n\n<p>Hur vanligt f&ouml;rekommande &auml;r arbetsutmattning hos yrkesutbildade inom h&auml;lso- och sjukv&aring;rden som arbetar med palliativ v&aring;rd?<\/p>\n\n\n\n<p>Hurdana upplevelser hade klienter som beh&ouml;ver m&aring;nga h&auml;lsotj&auml;nster av m&ouml;tet med yrkesutbildade inom h&auml;lso- och sjukv&aring;rden?<\/p>\n\n\n\n<p>Hur syns effekterna av en tidigarelagd hemrehabilitering av strokepatienter p&aring; individ- och samh&auml;llsniv&aring;?<\/p>\n\n\n\n<p>Hur upplevde patienterna och h&auml;lso- och sjukv&aring;rdens yrkesutbildade personal patienternas deltagande i iaktagande av handhygien?<\/p>\n\n\n\n<p>Vilka faktorer p&aring;verkar hur &auml;ldres r&ouml;relsef&ouml;rm&aring;ga uppr&auml;tth&aring;lls och &aring;terst&auml;lls inom sjukhusv&aring;rden?<\/p>\n\n\n\n<p>Har exponeringsterapi f&ouml;r virtuell verklighet (VRET) b&auml;ttre effekt p&aring; sociala &aring;ngestst&ouml;rningar &auml;n konventionell behandling?<\/p>\n\n\n\n<p>Hur k&auml;nner jag igen att en demenssjuk &auml;ldre person blir illa behandlad i boende och eller v&aring;rdmilj&ouml;n?<\/p>\n\n\n\n<p>Hur kan man minska sittandet under arbetstid?<\/p>\n\n\n\n<p>Vilka faktorer som ber&ouml;r de &auml;ldres sociala behov i tj&auml;nster som riktar sig till dem b&ouml;r man ta i beaktande?<\/p>\n\n\n\n<p>Vilka erfarenheter har sjuksk&ouml;tare av peroral l&auml;kemedelsbehandling hos patienter som har sv&auml;ljningssv&aring;righeter?<\/p>\n\n\n\n<p>Har massage av br&ouml;st p&aring;verkan p&aring; ammande kvinnors amningsproblem?<\/p>\n\n\n\n<p>Hurdana interventioner minskar p&aring; den yrkesm&auml;ssiga stressen och utmattningen hos personal vid akutmottagningar?<\/p>\n\n\n\n<p>L&aring;gfl&ouml;dessyrgastillskott f&ouml;r vuxna patienter: Syrgasbefuktningens betydelse?<\/p>\n\n\n\n<p>Hur kan nyutexaminerade sjuksk&ouml;tares &ouml;verg&aring;ngsskede till arbetslivet st&ouml;djas?<\/p>\n\n<\/div>\r\n        <\/div>\r\n    <\/div>\r\n\r\n<\/div>\n<\/div>\r\n<\/div><\/div>\n<\/div>\n","protected":false},"excerpt":{"rendered":"<p>Vad \u00e4r Evidenstips\u00ae? Evidenstips \u00e4r en sammanfattning av en h\u00f6gklassig systematisk \u00f6versikt eller v\u00e5rdrekommendation. Syftet med Evidenstipsen \u00e4r att sammanfatta forskningsuppgifter i ett mer anv\u00e4ndarv\u00e4nligt format. Syftet \u00e4r ocks\u00e5 att sprida sammanfattade, evidensbaserade forskningsuppgifter f\u00f6r att gynna b\u00e5de yrkesutbildade inom social- och h\u00e4lsov\u00e5rden samt medborgare. Evidenstipsen \u00e4r i f\u00f6rsta hand \u00e4mnade \u00e5t yrkespersoner inom social- [&hellip;]<\/p>\n","protected":false},"author":1,"featured_media":0,"parent":0,"menu_order":5,"comment_status":"closed","ping_status":"closed","template":"","meta":{"_acf_changed":false,"footnotes":""},"class_list":["post-8363","page","type-page","status-publish","hentry"],"acf":[],"aioseo_notices":[],"_links":{"self":[{"href":"https:\/\/hotus.fi\/sv\/wp-json\/wp\/v2\/pages\/8363","targetHints":{"allow":["GET"]}}],"collection":[{"href":"https:\/\/hotus.fi\/sv\/wp-json\/wp\/v2\/pages"}],"about":[{"href":"https:\/\/hotus.fi\/sv\/wp-json\/wp\/v2\/types\/page"}],"author":[{"embeddable":true,"href":"https:\/\/hotus.fi\/sv\/wp-json\/wp\/v2\/users\/1"}],"replies":[{"embeddable":true,"href":"https:\/\/hotus.fi\/sv\/wp-json\/wp\/v2\/comments?post=8363"}],"version-history":[{"count":5,"href":"https:\/\/hotus.fi\/sv\/wp-json\/wp\/v2\/pages\/8363\/revisions"}],"predecessor-version":[{"id":17117,"href":"https:\/\/hotus.fi\/sv\/wp-json\/wp\/v2\/pages\/8363\/revisions\/17117"}],"wp:attachment":[{"href":"https:\/\/hotus.fi\/sv\/wp-json\/wp\/v2\/media?parent=8363"}],"curies":[{"name":"wp","href":"https:\/\/api.w.org\/{rel}","templated":true}]}}