{"id":8548,"date":"2023-08-11T15:10:34","date_gmt":"2023-08-11T12:10:34","guid":{"rendered":"https:\/\/hotus.fi\/?page_id=8548"},"modified":"2025-06-19T15:06:20","modified_gmt":"2025-06-19T12:06:20","slug":"checklistor-for-bedomning-av-forskningar-jbi","status":"publish","type":"page","link":"https:\/\/hotus.fi\/sv\/checklistor-for-bedomning-av-forskningar-jbi\/","title":{"rendered":"Checklistor f\u00f6r bed\u00f6mning av forskningar (JBI)"},"content":{"rendered":"<div class=\"wp-block-image\">\n<figure class=\"aligncenter size-large is-resized\"><img decoding=\"async\" width=\"1024\" height=\"247\" src=\"https:\/\/hotus.fi\/wp-content\/uploads\/2025\/06\/europe-finland-ebhc-helsinki-eng-clr-hz-1024x247.png\" alt=\"europe finland ebhc helsinki eng clr hz 1024x247\" class=\"wp-image-14270\" style=\"width:526px;height:auto\" srcset=\"https:\/\/hotus.fi\/wp-content\/uploads\/2025\/06\/europe-finland-ebhc-helsinki-eng-clr-hz-1024x247.png 1024w, https:\/\/hotus.fi\/wp-content\/uploads\/2025\/06\/europe-finland-ebhc-helsinki-eng-clr-hz-300x72.png 300w, https:\/\/hotus.fi\/wp-content\/uploads\/2025\/06\/europe-finland-ebhc-helsinki-eng-clr-hz-768x185.png 768w, https:\/\/hotus.fi\/wp-content\/uploads\/2025\/06\/europe-finland-ebhc-helsinki-eng-clr-hz-1536x371.png 1536w, https:\/\/hotus.fi\/wp-content\/uploads\/2025\/06\/europe-finland-ebhc-helsinki-eng-clr-hz-2048x495.png 2048w\" sizes=\"(max-width: 1024px) 100vw, 1024px\"><\/figure>\n<\/div>\n\n\n<p>Alla systematiska &ouml;versikter omfattar en process f&ouml;r kritik eller bed&ouml;mning av forskningsevidensen. Syftet med denna bed&ouml;mning &auml;r att utv&auml;rdera en studies metodologiska kvalitet och att fastst&auml;lla i vilken utstr&auml;ckning en studie har tagit i beaktande m&ouml;jligheten till bias i dess utformning samt vid dess utf&ouml;rande och analys. Alla artiklar som v&auml;ljs ut f&ouml;r att inkluderas i den systematiska litteratur&ouml;versikten (det vill s&auml;ga, de artiklar som uppfyller inklusionskriterierna som beskrivs i protokollet) m&aring;ste bli f&ouml;rem&aring;l f&ouml;r noggrann bed&ouml;mning av tv&aring; kritiska bed&ouml;mare.<\/p>\n\n\n\n<p>Resultaten av denna bed&ouml;mning kan sedan anv&auml;ndas f&ouml;r att informera syntes och tolkning av resultaten av studien. JBI:s verktyg f&ouml;r kritisk bed&ouml;mning har utvecklats av JBI och samarbetspartners och godk&auml;nts av JBI:s vetenskapliga kommitt&eacute; efter omfattande referentgranskning. &Ouml;vers&auml;ttningarna har godk&auml;nts av JBI.<\/p>\n\n\n\r\n<div class=\"accordion bg-color-turquoise\">\r\n\r\n    <div class=\"acf-innerblocks-container\">\n\r\n<div class=\"accordion-item \">\r\n\r\n\r\n    <h2 id=\"heading-1756521151\" class=\"accordion-header\">\r\n        <button class=\"accordion-button collapsed h3\" type=\"button\" data-bs-toggle=\"collapse\" data-bs-target=\"#collapse-1756521151\" aria-expanded=\"false\" aria-controls=\"collapse-1756521151\">\r\n\r\n            \r\n            <span>Checklista f&ouml;r analytiska tv&auml;rsnittsstudier<\/span>        <\/button>\r\n    <\/h2>\r\n\r\n    <div id=\"collapse-1756521151\" class=\"accordion-collapse collapse\" aria-labelledby=\"heading-1756521151\">\r\n        <div class=\"accordion-body\">\r\n            <div class=\"acf-innerblocks-container\">\n\n<ul class=\"wp-block-list\">\n<li><a href=\"https:\/\/www.hotus.fi\/wp-content\/uploads\/2022\/01\/checklista-for-analytiska-tvarsnittsstudier.pdf\">Checklista f&ouml;r analytiska tv&auml;rsnittsstudier<\/a><\/li>\n<\/ul>\n\n<\/div>\r\n        <\/div>\r\n    <\/div>\r\n\r\n<\/div>\n\n\r\n<div class=\"accordion-item \">\r\n\r\n\r\n    <h2 id=\"heading-458879091\" class=\"accordion-header\">\r\n        <button class=\"accordion-button collapsed h3\" type=\"button\" data-bs-toggle=\"collapse\" data-bs-target=\"#collapse-458879091\" aria-expanded=\"false\" aria-controls=\"collapse-458879091\">\r\n\r\n            \r\n            <span> Checklista f&ouml;r fallkontrollstudier<\/span>        <\/button>\r\n    <\/h2>\r\n\r\n    <div id=\"collapse-458879091\" class=\"accordion-collapse collapse\" aria-labelledby=\"heading-458879091\">\r\n        <div class=\"accordion-body\">\r\n            <div class=\"acf-innerblocks-container\">\n\n<ul class=\"wp-block-list\">\n<li><a href=\"https:\/\/www.hotus.fi\/wp-content\/uploads\/2022\/01\/checklista-for-fallkontrollstudier.pdf\">Checklista f&ouml;r fallkontrollstudier<\/a><\/li>\n<\/ul>\n\n<\/div>\r\n        <\/div>\r\n    <\/div>\r\n\r\n<\/div>\n\n\r\n<div class=\"accordion-item \">\r\n\r\n\r\n    <h2 id=\"heading-1688149662\" class=\"accordion-header\">\r\n        <button class=\"accordion-button collapsed h3\" type=\"button\" data-bs-toggle=\"collapse\" data-bs-target=\"#collapse-1688149662\" aria-expanded=\"false\" aria-controls=\"collapse-1688149662\">\r\n\r\n            \r\n            <span>Checklista f&ouml;r fallbeskrivningar<\/span>        <\/button>\r\n    <\/h2>\r\n\r\n    <div id=\"collapse-1688149662\" class=\"accordion-collapse collapse\" aria-labelledby=\"heading-1688149662\">\r\n        <div class=\"accordion-body\">\r\n            <div class=\"acf-innerblocks-container\">\n\n<ul class=\"wp-block-list\">\n<li><a href=\"https:\/\/www.hotus.fi\/wp-content\/uploads\/2022\/01\/checklista-for-fallbeskrivningar.pdf\">Checklista f&ouml;r fallbeskrivningar<\/a><\/li>\n<\/ul>\n\n<\/div>\r\n        <\/div>\r\n    <\/div>\r\n\r\n<\/div>\n\n\r\n<div class=\"accordion-item \">\r\n\r\n\r\n    <h2 id=\"heading-1444253255\" class=\"accordion-header\">\r\n        <button class=\"accordion-button collapsed h3\" type=\"button\" data-bs-toggle=\"collapse\" data-bs-target=\"#collapse-1444253255\" aria-expanded=\"false\" aria-controls=\"collapse-1444253255\">\r\n\r\n            \r\n            <span>Checklista f&ouml;r fallserier<\/span>        <\/button>\r\n    <\/h2>\r\n\r\n    <div id=\"collapse-1444253255\" class=\"accordion-collapse collapse\" aria-labelledby=\"heading-1444253255\">\r\n        <div class=\"accordion-body\">\r\n            <div class=\"acf-innerblocks-container\">\n\n<ul class=\"wp-block-list\">\n<li><a href=\"https:\/\/www.hotus.fi\/wp-content\/uploads\/2022\/01\/checklista-for-fallserier.pdf\">Checklista f&ouml;r fallserier<\/a><\/li>\n<\/ul>\n\n<\/div>\r\n        <\/div>\r\n    <\/div>\r\n\r\n<\/div>\n\n\r\n<div class=\"accordion-item \">\r\n\r\n\r\n    <h2 id=\"heading-161752175\" class=\"accordion-header\">\r\n        <button class=\"accordion-button collapsed h3\" type=\"button\" data-bs-toggle=\"collapse\" data-bs-target=\"#collapse-161752175\" aria-expanded=\"false\" aria-controls=\"collapse-161752175\">\r\n\r\n            \r\n            <span>Checklista f&ouml;r kohortstudier<\/span>        <\/button>\r\n    <\/h2>\r\n\r\n    <div id=\"collapse-161752175\" class=\"accordion-collapse collapse\" aria-labelledby=\"heading-161752175\">\r\n        <div class=\"accordion-body\">\r\n            <div class=\"acf-innerblocks-container\">\n\n<ul class=\"wp-block-list\">\n<li><a href=\"https:\/\/www.hotus.fi\/wp-content\/uploads\/2022\/01\/checklista-for-kohortstudier.pdf\">Checklista f&ouml;r kohortstudier<\/a><\/li>\n<\/ul>\n\n<\/div>\r\n        <\/div>\r\n    <\/div>\r\n\r\n<\/div>\n\n\r\n<div class=\"accordion-item \">\r\n\r\n\r\n    <h2 id=\"heading-2055959834\" class=\"accordion-header\">\r\n        <button class=\"accordion-button collapsed h3\" type=\"button\" data-bs-toggle=\"collapse\" data-bs-target=\"#collapse-2055959834\" aria-expanded=\"false\" aria-controls=\"collapse-2055959834\">\r\n\r\n            \r\n            <span>Checklista f&ouml;r studier om diagnostisk testnogrannhet<\/span>        <\/button>\r\n    <\/h2>\r\n\r\n    <div id=\"collapse-2055959834\" class=\"accordion-collapse collapse\" aria-labelledby=\"heading-2055959834\">\r\n        <div class=\"accordion-body\">\r\n            <div class=\"acf-innerblocks-container\">\n\n<ul class=\"wp-block-list\">\n<li><a href=\"https:\/\/www.hotus.fi\/wp-content\/uploads\/2022\/01\/checklista-for-studier-om-diagnostisk-testnogrannhet.pdf\">Checklista f&ouml;r studier om diagnostisk testnogrannhet<\/a><\/li>\n<\/ul>\n\n<\/div>\r\n        <\/div>\r\n    <\/div>\r\n\r\n<\/div>\n\n\r\n<div class=\"accordion-item \">\r\n\r\n\r\n    <h2 id=\"heading-1457660238\" class=\"accordion-header\">\r\n        <button class=\"accordion-button collapsed h3\" type=\"button\" data-bs-toggle=\"collapse\" data-bs-target=\"#collapse-1457660238\" aria-expanded=\"false\" aria-controls=\"collapse-1457660238\">\r\n\r\n            \r\n            <span>Checklista f&ouml;r h&auml;lsoekonomiska utv&auml;rderingar<\/span>        <\/button>\r\n    <\/h2>\r\n\r\n    <div id=\"collapse-1457660238\" class=\"accordion-collapse collapse\" aria-labelledby=\"heading-1457660238\">\r\n        <div class=\"accordion-body\">\r\n            <div class=\"acf-innerblocks-container\">\n\n<ul class=\"wp-block-list\">\n<li><a href=\"https:\/\/www.hotus.fi\/wp-content\/uploads\/2022\/01\/checklista-for-halsoekonomiska-utvarderingar.pdf\">Checklista f&ouml;r h&auml;lsoekonomiska utv&auml;rderingar<\/a><\/li>\n<\/ul>\n\n<\/div>\r\n        <\/div>\r\n    <\/div>\r\n\r\n<\/div>\n\n\r\n<div class=\"accordion-item \">\r\n\r\n\r\n    <h2 id=\"heading-1918609754\" class=\"accordion-header\">\r\n        <button class=\"accordion-button collapsed h3\" type=\"button\" data-bs-toggle=\"collapse\" data-bs-target=\"#collapse-1918609754\" aria-expanded=\"false\" aria-controls=\"collapse-1918609754\">\r\n\r\n            \r\n            <span>Checklista f&ouml;r studier som rapporterar uppgifter om prevalens<\/span>        <\/button>\r\n    <\/h2>\r\n\r\n    <div id=\"collapse-1918609754\" class=\"accordion-collapse collapse\" aria-labelledby=\"heading-1918609754\">\r\n        <div class=\"accordion-body\">\r\n            <div class=\"acf-innerblocks-container\">\n\n<ul class=\"wp-block-list\">\n<li><a href=\"https:\/\/www.hotus.fi\/wp-content\/uploads\/2022\/01\/checklista-for-studier-som-rapporterar-uppgifter-om-prevalens.pdf\">Checklista f&ouml;r studier som rapporterar uppgifter om prevalens<\/a><\/li>\n<\/ul>\n\n<\/div>\r\n        <\/div>\r\n    <\/div>\r\n\r\n<\/div>\n\n\r\n<div class=\"accordion-item \">\r\n\r\n\r\n    <h2 id=\"heading-1757733831\" class=\"accordion-header\">\r\n        <button class=\"accordion-button collapsed h3\" type=\"button\" data-bs-toggle=\"collapse\" data-bs-target=\"#collapse-1757733831\" aria-expanded=\"false\" aria-controls=\"collapse-1757733831\">\r\n\r\n            \r\n            <span>Checklista f&ouml;r kvalitativa studier<\/span>        <\/button>\r\n    <\/h2>\r\n\r\n    <div id=\"collapse-1757733831\" class=\"accordion-collapse collapse\" aria-labelledby=\"heading-1757733831\">\r\n        <div class=\"accordion-body\">\r\n            <div class=\"acf-innerblocks-container\">\n\n<ul class=\"wp-block-list\">\n<li><a href=\"https:\/\/www.hotus.fi\/wp-content\/uploads\/2022\/01\/checklista-for-kvalitativa-studier.pdf\">Checklista f&ouml;r kvalitativa studier<\/a><\/li>\n<\/ul>\n\n<\/div>\r\n        <\/div>\r\n    <\/div>\r\n\r\n<\/div>\n\n\r\n<div class=\"accordion-item \">\r\n\r\n\r\n    <h2 id=\"heading-676162974\" class=\"accordion-header\">\r\n        <button class=\"accordion-button collapsed h3\" type=\"button\" data-bs-toggle=\"collapse\" data-bs-target=\"#collapse-676162974\" aria-expanded=\"false\" aria-controls=\"collapse-676162974\">\r\n\r\n            \r\n            <span>Checklista f&ouml;r kvasiexperimentella studier (icke-randomiserade experimentella studier)<\/span>        <\/button>\r\n    <\/h2>\r\n\r\n    <div id=\"collapse-676162974\" class=\"accordion-collapse collapse\" aria-labelledby=\"heading-676162974\">\r\n        <div class=\"accordion-body\">\r\n            <div class=\"acf-innerblocks-container\">\n\n<ul class=\"wp-block-list\">\n<li><a href=\"https:\/\/www.hotus.fi\/wp-content\/uploads\/2022\/01\/checklista-for-kvasiexperimentella-studier.pdf\">Checklista f&ouml;r kvasiexperimentella studier (icke-randomiserade experimentella studier)<\/a><\/li>\n<\/ul>\n\n<\/div>\r\n        <\/div>\r\n    <\/div>\r\n\r\n<\/div>\n\n\r\n<div class=\"accordion-item \">\r\n\r\n\r\n    <h2 id=\"heading-1877913642\" class=\"accordion-header\">\r\n        <button class=\"accordion-button collapsed h3\" type=\"button\" data-bs-toggle=\"collapse\" data-bs-target=\"#collapse-1877913642\" aria-expanded=\"false\" aria-controls=\"collapse-1877913642\">\r\n\r\n            \r\n            <span>Checklista f&ouml;r randomiserade kontrollerade studier<\/span>        <\/button>\r\n    <\/h2>\r\n\r\n    <div id=\"collapse-1877913642\" class=\"accordion-collapse collapse\" aria-labelledby=\"heading-1877913642\">\r\n        <div class=\"accordion-body\">\r\n            <div class=\"acf-innerblocks-container\">\n\n<ul class=\"wp-block-list\">\n<li><a href=\"https:\/\/www.hotus.fi\/wp-content\/uploads\/2022\/01\/checklista-for-randomiserade-kontrollerade-studier.pdf\">Checklista f&ouml;r randomiserade kontrollerade studier<\/a><\/li>\n<\/ul>\n\n<\/div>\r\n        <\/div>\r\n    <\/div>\r\n\r\n<\/div>\n\n\r\n<div class=\"accordion-item \">\r\n\r\n\r\n    <h2 id=\"heading-1299434607\" class=\"accordion-header\">\r\n        <button class=\"accordion-button collapsed h3\" type=\"button\" data-bs-toggle=\"collapse\" data-bs-target=\"#collapse-1299434607\" aria-expanded=\"false\" aria-controls=\"collapse-1299434607\">\r\n\r\n            \r\n            <span>Checklista f&ouml;r systematiska &ouml;versikter och forskningssynteser<\/span>        <\/button>\r\n    <\/h2>\r\n\r\n    <div id=\"collapse-1299434607\" class=\"accordion-collapse collapse\" aria-labelledby=\"heading-1299434607\">\r\n        <div class=\"accordion-body\">\r\n            <div class=\"acf-innerblocks-container\">\n\n<ul class=\"wp-block-list\">\n<li><a href=\"https:\/\/www.hotus.fi\/wp-content\/uploads\/2022\/01\/checklista-for-systematiska-oversikter-och-forskningssynteser.pdf\">Checklista f&ouml;r systematiska &ouml;versikter och forskningssynteser<\/a><\/li>\n<\/ul>\n\n<\/div>\r\n        <\/div>\r\n    <\/div>\r\n\r\n<\/div>\n\n\r\n<div class=\"accordion-item \">\r\n\r\n\r\n    <h2 id=\"heading-1415805142\" class=\"accordion-header\">\r\n        <button class=\"accordion-button collapsed h3\" type=\"button\" data-bs-toggle=\"collapse\" data-bs-target=\"#collapse-1415805142\" aria-expanded=\"false\" aria-controls=\"collapse-1415805142\">\r\n\r\n            \r\n            <span>Checklista f&ouml;r textartiklar och sakkunnigutl&aring;tanden<\/span>        <\/button>\r\n    <\/h2>\r\n\r\n    <div id=\"collapse-1415805142\" class=\"accordion-collapse collapse\" aria-labelledby=\"heading-1415805142\">\r\n        <div class=\"accordion-body\">\r\n            <div class=\"acf-innerblocks-container\">\n\n<p><a href=\"https:\/\/www.hotus.fi\/wp-content\/uploads\/2022\/01\/checklista-for-textartiklar-och-sakkunnigutlatanden.pdf\">Checklista f&ouml;r textartiklar och sakkunnigutl&aring;tanden<\/a><\/p>\n\n<\/div>\r\n        <\/div>\r\n    <\/div>\r\n\r\n<\/div>\n<\/div>\r\n<\/div>","protected":false},"excerpt":{"rendered":"<p>Alla systematiska \u00f6versikter omfattar en process f\u00f6r kritik eller bed\u00f6mning av forskningsevidensen. Syftet med denna bed\u00f6mning \u00e4r att utv\u00e4rdera en studies metodologiska kvalitet och att fastst\u00e4lla i vilken utstr\u00e4ckning en studie har tagit i beaktande m\u00f6jligheten till bias i dess utformning samt vid dess utf\u00f6rande och analys. Alla artiklar som v\u00e4ljs ut f\u00f6r att inkluderas [&hellip;]<\/p>\n","protected":false},"author":1,"featured_media":0,"parent":0,"menu_order":4,"comment_status":"closed","ping_status":"closed","template":"","meta":{"_acf_changed":false,"footnotes":""},"class_list":["post-8548","page","type-page","status-publish","hentry"],"acf":[],"aioseo_notices":[],"_links":{"self":[{"href":"https:\/\/hotus.fi\/sv\/wp-json\/wp\/v2\/pages\/8548","targetHints":{"allow":["GET"]}}],"collection":[{"href":"https:\/\/hotus.fi\/sv\/wp-json\/wp\/v2\/pages"}],"about":[{"href":"https:\/\/hotus.fi\/sv\/wp-json\/wp\/v2\/types\/page"}],"author":[{"embeddable":true,"href":"https:\/\/hotus.fi\/sv\/wp-json\/wp\/v2\/users\/1"}],"replies":[{"embeddable":true,"href":"https:\/\/hotus.fi\/sv\/wp-json\/wp\/v2\/comments?post=8548"}],"version-history":[{"count":0,"href":"https:\/\/hotus.fi\/sv\/wp-json\/wp\/v2\/pages\/8548\/revisions"}],"wp:attachment":[{"href":"https:\/\/hotus.fi\/sv\/wp-json\/wp\/v2\/media?parent=8548"}],"curies":[{"name":"wp","href":"https:\/\/api.w.org\/{rel}","templated":true}]}}